{"id":493,"date":"2021-02-24T12:47:26","date_gmt":"2021-02-24T17:47:26","guid":{"rendered":"http:\/\/105160.b.aliquando.immo\/?page_id=493"},"modified":"2021-09-07T19:55:27","modified_gmt":"2021-09-07T19:55:27","slug":"a-propos","status":"publish","type":"page","link":"https:\/\/equipegauvin.ca\/en\/a-propos\/","title":{"rendered":"About Us"},"content":{"rendered":"<p><\/p>\n<p>(FRENCH ONLY)<\/p>\n<h2>L&#8217;\u00e9quipe Gauvin est une \u00e9quipe de courtiers immobiliers professionnels qualifi\u00e9es et engag\u00e9s qui travaille de concert avec vous et d&#8217;autres partenaires externes professionnels de notre r\u00e9seau afin de r\u00e9aliser avec assurance le projet le plus important de votre vie.<\/h2>\n<p>Nous sommes beaucoup plus que des courtiers immobiliers, nous sommes pour vous des conseillers, gestionnaires de vos projets en immobilier. Une \u00e9quipe dynamique, innovatrice, exp\u00e9riment\u00e9e ayant une bonne connaissance du march\u00e9 et des talents pour l&#8217;\u00e9valuation et la n\u00e9gociation.<\/p>\n<p>Nous sommes tr\u00e8s fiers de notre profession, nous vous offrons un plan de mise en march\u00e9 exceptionnel support\u00e9 par des conseils et adapt\u00e9 \u00e0 vos besoins permettant de mener \u00e0 bon port vos projets.<\/p>\n<p>Nous avons de bonnes r\u00e9f\u00e9rences, des t\u00e9moignages que vous pouvez m\u00eame consulter sur ce site. Avec plus de 12 ann\u00e9es d&#8217;exp\u00e9rience dans le courtage immobilier et des centaines de transactions r\u00e9ussis, nos bonnes strat\u00e9gies de mise en march\u00e9 ne peuvent que conduire au niveau sup\u00e9rieur votre transaction immobili\u00e8re.<\/p>\n<p>En plus d&#8217;une assurance d&#8217;une transaction r\u00e9ussie, nous vous offrons ces 4 programmes tout au long de votre transaction : 1) Le programme VisibiliT, 2) Le programme ActiviT, 3) Le programme CompliciT, 4) Le programme QualiT . Nous vous invitons \u00e0 consulter le contenu de ces programmes sur notre site.<\/p>\n<p>En choisissant notre \u00e9quipe c&#8217;est nous r\u00e9f\u00e9rer par la suite..<\/p>\n<p>Vous pouvez communiquer avec nous \u00e0 tout moment et il nous fera plaisir de vous pr\u00e9senter sans frais ni obligation notre offre de service professionnel.<\/p>\n<p>&nbsp;<\/p>\n<h3><strong>Offre de service<\/strong><\/h3>\n<div>\n<p>1.Aper\u00e7u de l\u2019entreprise : Br\u00e8ve description de notre entreprise et d\u2019o\u00f9 elle se situe sur le march\u00e9<\/p>\n<p>L&#8217;\u00e9quipe Gauvin de Proprio Direct, c\u2019est le meilleur de deux mondes\u2026. On vous offre de vendre votre propri\u00e9t\u00e9 par vous -m\u00eame \u00e0 un taux de commission de 2% seulement, si vous trouvez votre propre acheteur.<\/p>\n<p>\u00c0 vendre par le proprio et son courtier<\/p>\n<p>Notre concept d&#8217;affaires \u00ab \u00c0 vendre par le proprio&#8230; et son courtier! \u00bb nous distingue de tous nos concurrents et r\u00e9pond parfaitement aux tendances actuelles du march\u00e9.<\/p>\n<p>En choisissant l&#8217;\u00c9quipe Gauvin de Proprio Direct, vous profitez du savoir-faire et de l&#8217;exp\u00e9rience d&#8217;une \u00e9quipe d&#8217;une banni\u00e8re qu\u00e9b\u00e9coise dont l&#8217;efficacit\u00e9 est reconnue depuis plus de 30 ans et qui atteint toujours l&#8217;objectif de ses clients: vendre ou acheter aux meilleures conditions possibles.<\/p>\n<p>&nbsp;<\/p>\n<\/div>\n<div><strong>LES 4 PROGRAMMES:<\/strong><\/div>\n<div>\u00a0<\/div>\n<div>\u00a0<\/div>\n<div><a href=\"http:\/\/105160.b.aliquando.immo\/files\/2021\/02\/thumbnail_Outlook-nqdf01ox.png\"><img loading=\"lazy\" decoding=\"async\" class=\"alignnone size-medium wp-image-551\" src=\"http:\/\/105160.b.aliquando.immo\/files\/2021\/02\/thumbnail_Outlook-nqdf01ox-300x155.png\" alt=\"\" width=\"300\" height=\"155\" srcset=\"https:\/\/equipegauvin.ca\/files\/2021\/02\/thumbnail_Outlook-nqdf01ox-300x155.png 300w, https:\/\/equipegauvin.ca\/files\/2021\/02\/thumbnail_Outlook-nqdf01ox.png 681w\" sizes=\"auto, (max-width: 300px) 100vw, 300px\" \/><\/a><\/div>\n<div>\u00a0<\/div>\n<div>\n<p><strong>1-VISIBILI-T :<\/strong><\/p>\n<p>Ce programme permet d\u2019afficher les propri\u00e9t\u00e9s de nos clients sans frais sur les sites immobiliers les plus populaires, incluant les r\u00e9seaux Centris et Realtor (MLS), et ce, en laissant le privil\u00e8ge \u00e0 nos clients de vendre Direct. Avec plus de 100 sites nationaux et internationaux, de portails et de m\u00e9dias sociaux l\u2019inventaire des propri\u00e9t\u00e9s \u00e0 vendre est vu par plus d\u2019un million d\u2019acheteurs potentiels \u00e0 chaque mois. C\u2019est la seule banni\u00e8re Qu\u00e9b\u00e9coise qui rejoint 100% des acheteurs. S\u2019appuyant sur un r\u00e9seau de pr\u00e8s de 15, 000 courtiers immobiliers travaillants en collaboration via la plateforme exclusive MLS-Centris<\/p>\n<\/div>\n<p>&nbsp;<\/p>\n<p><a href=\"http:\/\/105160.b.aliquando.immo\/files\/2021\/02\/thumbnail_Outlook-hoad1gmn.png\"><img loading=\"lazy\" decoding=\"async\" class=\"alignnone size-medium wp-image-549\" src=\"http:\/\/105160.b.aliquando.immo\/files\/2021\/02\/thumbnail_Outlook-hoad1gmn-300x172.png\" alt=\"\" width=\"300\" height=\"172\" srcset=\"https:\/\/equipegauvin.ca\/files\/2021\/02\/thumbnail_Outlook-hoad1gmn-300x172.png 300w, https:\/\/equipegauvin.ca\/files\/2021\/02\/thumbnail_Outlook-hoad1gmn.png 611w\" sizes=\"auto, (max-width: 300px) 100vw, 300px\" \/><\/a><\/p>\n<h3>Un rapport complet sur l\u2019activit\u00e9<br \/>\nEntourant la vente de votre propri\u00e9t\u00e9.<\/h3>\n<p><strong>2- ACTIVI- T :<\/strong><\/p>\n<p>Ce programme permet \u00e0 nos clients d\u2019obtenir un rapport complet de l\u2019activit\u00e9 entourant la vente de sa propri\u00e9t\u00e9. En lui donnant un jeton, le client a acc\u00e8s aux diff\u00e9rents sites immobiliers afin de consulter le nombre de visites sur sa propri\u00e9t\u00e9 que g\u00e9n\u00e8re les diff\u00e9rents sites. Consulter les plus r\u00e9centes donn\u00e9es sur le march\u00e9 ainsi que d\u2019acc\u00e9der au journal de bord de son courtier.<\/p>\n<p>&nbsp;<\/p>\n<p><a href=\"http:\/\/105160.b.aliquando.immo\/files\/2021\/02\/thumbnail_Outlook-vxqfak4s.png\"><img loading=\"lazy\" decoding=\"async\" class=\"alignnone size-medium wp-image-553\" src=\"http:\/\/105160.b.aliquando.immo\/files\/2021\/02\/thumbnail_Outlook-vxqfak4s-300x129.png\" alt=\"\" width=\"300\" height=\"129\" srcset=\"https:\/\/equipegauvin.ca\/files\/2021\/02\/thumbnail_Outlook-vxqfak4s-300x129.png 300w, https:\/\/equipegauvin.ca\/files\/2021\/02\/thumbnail_Outlook-vxqfak4s-768x330.png 768w, https:\/\/equipegauvin.ca\/files\/2021\/02\/thumbnail_Outlook-vxqfak4s.png 811w\" sizes=\"auto, (max-width: 300px) 100vw, 300px\" \/><\/a> <a href=\"http:\/\/105160.b.aliquando.immo\/files\/2021\/02\/thumbnail_Outlook-42ki2ajy.png\"><img loading=\"lazy\" decoding=\"async\" class=\"alignnone  wp-image-548\" src=\"http:\/\/105160.b.aliquando.immo\/files\/2021\/02\/thumbnail_Outlook-42ki2ajy-265x300.png\" alt=\"\" width=\"93\" height=\"105\" srcset=\"https:\/\/equipegauvin.ca\/files\/2021\/02\/thumbnail_Outlook-42ki2ajy-265x300.png 265w, https:\/\/equipegauvin.ca\/files\/2021\/02\/thumbnail_Outlook-42ki2ajy.png 450w\" sizes=\"auto, (max-width: 93px) 100vw, 93px\" \/><\/a><\/p>\n<p><strong>3-COMPLICI -T :<\/strong><\/p>\n<p>Ce programme permet \u00e0 nos clients vendeurs de trouver son acheteur lui-m\u00eame et de b\u00e9n\u00e9ficier d\u2019un taux de commission r\u00e9duit \u00e0 partir de seulement de 2 % tout en profitant des services professionnels de son courtier du d\u00e9but jusqu\u2019\u00e0 la fin de la transaction. De plus, depuis quelques mois les clients peuvent faire des visites libres en direct le dimanche apr\u00e8s-midi sur leur propri\u00e9t\u00e9.<\/p>\n<p>&nbsp;<\/p>\n<p><a href=\"http:\/\/105160.b.aliquando.immo\/files\/2021\/02\/thumbnail_Outlook-hqadxyt4.png\"><img loading=\"lazy\" decoding=\"async\" class=\"alignnone size-medium wp-image-550\" src=\"http:\/\/105160.b.aliquando.immo\/files\/2021\/02\/thumbnail_Outlook-hqadxyt4-300x222.png\" alt=\"\" width=\"300\" height=\"222\" srcset=\"https:\/\/equipegauvin.ca\/files\/2021\/02\/thumbnail_Outlook-hqadxyt4-300x222.png 300w, https:\/\/equipegauvin.ca\/files\/2021\/02\/thumbnail_Outlook-hqadxyt4.png 555w\" sizes=\"auto, (max-width: 300px) 100vw, 300px\" \/><\/a><\/p>\n<p><strong>4-QUALI -T :<\/strong><\/p>\n<p>Ce programme assure un engagement \u00e9crit \u00e0 nos clients qui exprime parfaitement la fa\u00e7on dont l&#8217;\u00e9quipe Gauvin de Proprio Direct offre une valeur et une exp\u00e9rience de niveau sup\u00e9rieur.<\/p>\n<ol>\n<li>Recommandation du prix de vente bas\u00e9e sur une analyse comparative du march\u00e9<\/li>\n<li>Promouvoir la vente directe en vous y assistant tel que pr\u00e9vu au programme COMPLICI-T exclusif \u00e0 Proprio Direct<\/li>\n<li>Obtenir la collaboration de l&#8217;ensemble du r\u00e9seau des courtiers immobiliers tel que pr\u00e9vu au programme COMPLICI-T<\/li>\n<li>Offrir un maximum d&#8217;exposition \u00e0 votre propri\u00e9t\u00e9 en utilisant le programme VISIBILI-T exclusif \u00e0 Proprio Direct<\/li>\n<li>Installer une pancarte \u00e0 vendre offrant une excellente visibilit\u00e9 \u00e0 votre propri\u00e9t\u00e9 par ses couleurs et d\u00e9coupes contrastantes<\/li>\n<li>\u00catre disponible \u00e0 assurer la coordination des appels et des visites d&#8217;acheteurs qualifi\u00e9s<\/li>\n<li>Vous fournir un suivi d&#8217;activit\u00e9s sur votre propri\u00e9t\u00e9 par l&#8217;entremise du programme ACTIVI-T exclusif \u00e0 notre banni\u00e8re<\/li>\n<li>Vous tenir informer des tendances immobili\u00e8res de votre r\u00e9gion par l&#8217;entremise de notre programme ACTIVI-T\u00a0<\/li>\n<li>Vous faire b\u00e9n\u00e9ficier de notre r\u00e9seau d&#8217;experts et de professionnels sp\u00e9cialis\u00e9s<\/li>\n<li>Vous pr\u00e9senter toutes les promesses d&#8217;achat re\u00e7ues des acheteurs et de vous y assister tout au long des n\u00e9gociations.<\/li>\n<li>Vous accompagner dans toutes les d\u00e9marches de la transaction jusque chez le notaire lors de votre transaction<\/li>\n<li>Vous offrir nos services pour l&#8217;achat d&#8217;une nouvelle propri\u00e9t\u00e9, le cas \u00e9ch\u00e9ant.<\/li>\n<\/ol>\n<p>&nbsp;<\/p>\n<p><a href=\"http:\/\/105160.b.aliquando.immo\/files\/2021\/02\/Outlook-ps11illx.png\"><img loading=\"lazy\" decoding=\"async\" class=\"alignnone  wp-image-547\" src=\"http:\/\/105160.b.aliquando.immo\/files\/2021\/02\/Outlook-ps11illx-300x213.png\" alt=\"\" width=\"177\" height=\"126\" srcset=\"https:\/\/equipegauvin.ca\/files\/2021\/02\/Outlook-ps11illx-300x213.png 300w, https:\/\/equipegauvin.ca\/files\/2021\/02\/Outlook-ps11illx-768x545.png 768w, https:\/\/equipegauvin.ca\/files\/2021\/02\/Outlook-ps11illx-1024x727.png 1024w, https:\/\/equipegauvin.ca\/files\/2021\/02\/Outlook-ps11illx.png 1352w\" sizes=\"auto, (max-width: 177px) 100vw, 177px\" \/><\/a> <a href=\"http:\/\/105160.b.aliquando.immo\/files\/2021\/02\/thumbnail_Outlook-vjdq04ok.png\"><img loading=\"lazy\" decoding=\"async\" class=\"alignnone  wp-image-552\" src=\"http:\/\/105160.b.aliquando.immo\/files\/2021\/02\/thumbnail_Outlook-vjdq04ok-300x300.png\" alt=\"\" width=\"99\" height=\"99\" srcset=\"https:\/\/equipegauvin.ca\/files\/2021\/02\/thumbnail_Outlook-vjdq04ok-300x300.png 300w, https:\/\/equipegauvin.ca\/files\/2021\/02\/thumbnail_Outlook-vjdq04ok-150x150.png 150w, https:\/\/equipegauvin.ca\/files\/2021\/02\/thumbnail_Outlook-vjdq04ok-768x768.png 768w, https:\/\/equipegauvin.ca\/files\/2021\/02\/thumbnail_Outlook-vjdq04ok.png 1000w\" sizes=\"auto, (max-width: 99px) 100vw, 99px\" \/><\/a><\/p>\n<p><a href=\"http:\/\/105160.b.aliquando.immo\/files\/2021\/02\/thumbnail_Outlook-bpffni4d.png\"><img loading=\"lazy\" decoding=\"async\" class=\"alignnone wp-image-554 size-full\" src=\"http:\/\/105160.b.aliquando.immo\/files\/2021\/02\/thumbnail_Outlook-bpffni4d.png\" alt=\"\" width=\"1096\" height=\"396\" srcset=\"https:\/\/equipegauvin.ca\/files\/2021\/02\/thumbnail_Outlook-bpffni4d.png 1096w, https:\/\/equipegauvin.ca\/files\/2021\/02\/thumbnail_Outlook-bpffni4d-300x108.png 300w, https:\/\/equipegauvin.ca\/files\/2021\/02\/thumbnail_Outlook-bpffni4d-768x277.png 768w, https:\/\/equipegauvin.ca\/files\/2021\/02\/thumbnail_Outlook-bpffni4d-1024x370.png 1024w\" sizes=\"auto, (max-width: 1096px) 100vw, 1096px\" \/><\/a><\/p>\n<p><\/p>","protected":false},"excerpt":{"rendered":"<p>(FRENCH ONLY) L&#8217;\u00e9quipe Gauvin est une \u00e9quipe de courtiers immobiliers professionnels qualifi\u00e9es et engag\u00e9s qui travaille de concert avec vous et d&#8217;autres partenaires externes professionnels de notre r\u00e9seau afin de r\u00e9aliser avec assurance le projet le plus important de votre vie. Nous sommes beaucoup plus que des courtiers immobiliers, nous sommes pour vous des conseillers, [&hellip;]<\/p>\n","protected":false},"author":121,"featured_media":0,"parent":0,"menu_order":0,"comment_status":"closed","ping_status":"closed","template":"page-fullwidth.php","meta":{"_acf_changed":false,"footnotes":""},"class_list":["post-493","page","type-page","status-publish","hentry"],"acf":[],"_links":{"self":[{"href":"https:\/\/equipegauvin.ca\/en\/wp-json\/wp\/v2\/pages\/493","targetHints":{"allow":["GET"]}}],"collection":[{"href":"https:\/\/equipegauvin.ca\/en\/wp-json\/wp\/v2\/pages"}],"about":[{"href":"https:\/\/equipegauvin.ca\/en\/wp-json\/wp\/v2\/types\/page"}],"author":[{"embeddable":true,"href":"https:\/\/equipegauvin.ca\/en\/wp-json\/wp\/v2\/users\/121"}],"replies":[{"embeddable":true,"href":"https:\/\/equipegauvin.ca\/en\/wp-json\/wp\/v2\/comments?post=493"}],"version-history":[{"count":2,"href":"https:\/\/equipegauvin.ca\/en\/wp-json\/wp\/v2\/pages\/493\/revisions"}],"predecessor-version":[{"id":575,"href":"https:\/\/equipegauvin.ca\/en\/wp-json\/wp\/v2\/pages\/493\/revisions\/575"}],"wp:attachment":[{"href":"https:\/\/equipegauvin.ca\/en\/wp-json\/wp\/v2\/media?parent=493"}],"curies":[{"name":"wp","href":"https:\/\/api.w.org\/{rel}","templated":true}]}}